{"id":1228,"date":"2024-08-29T11:07:54","date_gmt":"2024-08-29T09:07:54","guid":{"rendered":"https:\/\/www.vanlooveren.eu\/?page_id=1228"},"modified":"2024-10-04T11:07:25","modified_gmt":"2024-10-04T09:07:25","slug":"general-conditions","status":"publish","type":"page","link":"https:\/\/www.vanlooveren.be\/nl\/general-conditions\/","title":{"rendered":"General Conditions"},"content":{"rendered":"<div data-elementor-type=\"wp-page\" data-elementor-id=\"1228\" class=\"elementor elementor-1228\" data-elementor-post-type=\"page\">\n\t\t\t\t<div class=\"elementor-element elementor-element-415933b8 e-con-full e-flex e-con e-parent\" data-id=\"415933b8\" data-element_type=\"container\" data-e-type=\"container\">\n\t\t<div class=\"elementor-element elementor-element-6ab01b74 e-con-full e-flex e-con e-child\" data-id=\"6ab01b74\" data-element_type=\"container\" data-e-type=\"container\">\n\t\t\t\t<div class=\"elementor-element elementor-element-198e586 elementor-widget elementor-widget-heading\" data-id=\"198e586\" data-element_type=\"widget\" data-e-type=\"widget\" data-widget_type=\"heading.default\">\n\t\t\t\t<div class=\"elementor-widget-container\">\n\t\t\t\t\t<h1 class=\"elementor-heading-title elementor-size-default\">Algemene voorwaarden<\/h1>\t\t\t\t<\/div>\n\t\t\t\t<\/div>\n\t\t\t\t<\/div>\n\t\t\t\t<\/div>\n\t\t<div class=\"elementor-element elementor-element-41b80eef e-grid e-con-full e-con e-parent\" data-id=\"41b80eef\" data-element_type=\"container\" data-e-type=\"container\" data-settings=\"{&quot;background_background&quot;:&quot;classic&quot;}\">\n\t\t<div class=\"elementor-element elementor-element-7e83a6bc e-con-full e-flex e-con e-child\" data-id=\"7e83a6bc\" data-element_type=\"container\" data-e-type=\"container\">\n\t\t<div class=\"elementor-element elementor-element-5d10bd38 e-con-full e-flex e-con e-child\" data-id=\"5d10bd38\" data-element_type=\"container\" data-e-type=\"container\" data-settings=\"{&quot;background_background&quot;:&quot;classic&quot;}\">\n\t\t\t\t<div class=\"elementor-element elementor-element-c9656cc elementor-widget elementor-widget-text-editor\" data-id=\"c9656cc\" data-element_type=\"widget\" data-e-type=\"widget\" data-widget_type=\"text-editor.default\">\n\t\t\t\t<div class=\"elementor-widget-container\">\n\t\t\t\t\t\t\t\t\t<h2><a href=\"https:\/\/www.vanlooveren.be\/wp-content\/uploads\/2024\/10\/Van-Looveren-NV-General-Sales-Conditions-31-August-2023-EN-revision.pdf\">Van Looveren NV &#8211; General Sales Conditions &#8211; 31 August 2023<\/a><br \/><a href=\"https:\/\/www.vanlooveren.be\/wp-content\/uploads\/2024\/10\/Van-Looveren-NV-Algemene-Verkoopvoorwaarden-31-augustus-2023-NL-revisie.pdf\">Van Looveren NV &#8211; Algemene Verkoopvoorwaarden &#8211; 31 augustus 2023<\/a><br \/><a href=\"https:\/\/www.vanlooveren.be\/wp-content\/uploads\/2024\/10\/Van-Looveren-NV-Conditions-Generales-de-Vente-31-aout-2023-FR-revision.pdf\">Van Looveren NV &#8211; Conditions G\u00e9n\u00e9rales de Vente &#8211; 31 ao\u00fbt 2023<\/a><\/h2><h2><a href=\"https:\/\/www.vanlooveren.be\/wp-content\/uploads\/2024\/10\/Van-Looveren-NV-General-Purchasing-Conditions-16-January-2014.pdf\">Van Looveren NV &#8211; General Purchasing Conditions &#8211; 16-January-2014<\/a><br \/><a href=\"https:\/\/www.vanlooveren.be\/wp-content\/uploads\/2024\/10\/Van-Looveren-NV-Algemene-Aankoopvoorwaarden-16-januari-2014.pdf\">Van Looveren NV &#8211; Algemene Inkoopvoorwaarden &#8211; 16 januari 2014<\/a><br \/><a href=\"https:\/\/www.vanlooveren.be\/wp-content\/uploads\/2024\/10\/Van-Looveren-NV-Conditions-General-dAchat-16-janvier-2014.pdf\">Van Looveren NV &#8211; Conditions g\u00e9n\u00e9rales d&#8217;achat &#8211; 16 janvier 2014<\/a><\/h2>\t\t\t\t\t\t\t\t<\/div>\n\t\t\t\t<\/div>\n\t\t\t\t<\/div>\n\t\t\t\t<\/div>\n\t\t\t\t<\/div>\n\t\t\t\t<\/div>","protected":false},"excerpt":{"rendered":"<p>General conditions Van Looveren NV &#8211; General Sales Conditions &#8211; 31 August 2023Van Looveren NV &#8211; Algemene Verkoopvoorwaarden &#8211; 31 augustus 2023Van Looveren NV &#8211; Conditions G\u00e9n\u00e9rales de Vente &#8211; 31 ao\u00fbt 2023 Van Looveren NV &#8211; General Purchasing Conditions &#8211; 16-January-2014Van Looveren NV &#8211; Algemene Inkoopvoorwaarden &#8211; 16 januari 2014Van Looveren NV &#8211; Conditions [&hellip;]<\/p>\n","protected":false},"author":1,"featured_media":0,"parent":0,"menu_order":0,"comment_status":"closed","ping_status":"closed","template":"elementor_header_footer","meta":{"footnotes":""},"class_list":["post-1228","page","type-page","status-publish","hentry"],"yoast_head":"<!-- This site is optimized with the Yoast SEO plugin v27.4 - https:\/\/yoast.com\/product\/yoast-seo-wordpress\/ -->\n<title>General Conditions - Van Looveren NV<\/title>\n<meta name=\"robots\" content=\"index, follow, max-snippet:-1, max-image-preview:large, max-video-preview:-1\" \/>\n<link rel=\"canonical\" href=\"https:\/\/www.vanlooveren.be\/nl\/general-conditions\/\" \/>\n<meta property=\"og:locale\" content=\"nl_BE\" \/>\n<meta property=\"og:type\" content=\"article\" \/>\n<meta property=\"og:title\" content=\"General Conditions - Van Looveren NV\" \/>\n<meta property=\"og:description\" content=\"General conditions Van Looveren NV &#8211; General Sales Conditions &#8211; 31 August 2023Van Looveren NV &#8211; Algemene Verkoopvoorwaarden &#8211; 31 augustus 2023Van Looveren NV &#8211; Conditions G\u00e9n\u00e9rales de Vente &#8211; 31 ao\u00fbt 2023 Van Looveren NV &#8211; General Purchasing Conditions &#8211; 16-January-2014Van Looveren NV &#8211; Algemene Inkoopvoorwaarden &#8211; 16 januari 2014Van Looveren NV &#8211; Conditions [&hellip;]\" \/>\n<meta property=\"og:url\" content=\"https:\/\/www.vanlooveren.be\/nl\/general-conditions\/\" \/>\n<meta property=\"og:site_name\" content=\"Van Looveren NV\" \/>\n<meta property=\"article:publisher\" content=\"https:\/\/www.facebook.com\/vlooveren\" \/>\n<meta property=\"article:modified_time\" content=\"2024-10-04T09:07:25+00:00\" \/>\n<meta name=\"twitter:card\" content=\"summary_large_image\" \/>\n<meta name=\"twitter:label1\" content=\"Geschatte leestijd\" \/>\n\t<meta name=\"twitter:data1\" content=\"1 minuut\" \/>\n<script type=\"application\/ld+json\" class=\"yoast-schema-graph\">{\"@context\":\"https:\\\/\\\/schema.org\",\"@graph\":[{\"@type\":\"WebPage\",\"@id\":\"https:\\\/\\\/www.vanlooveren.be\\\/nl\\\/general-conditions\\\/\",\"url\":\"https:\\\/\\\/www.vanlooveren.be\\\/nl\\\/general-conditions\\\/\",\"name\":\"General Conditions - Van Looveren NV\",\"isPartOf\":{\"@id\":\"https:\\\/\\\/www.vanlooveren.be\\\/en\\\/#website\"},\"datePublished\":\"2024-08-29T09:07:54+00:00\",\"dateModified\":\"2024-10-04T09:07:25+00:00\",\"breadcrumb\":{\"@id\":\"https:\\\/\\\/www.vanlooveren.be\\\/nl\\\/general-conditions\\\/#breadcrumb\"},\"inLanguage\":\"nl-BE\",\"potentialAction\":[{\"@type\":\"ReadAction\",\"target\":[\"https:\\\/\\\/www.vanlooveren.be\\\/nl\\\/general-conditions\\\/\"]}]},{\"@type\":\"BreadcrumbList\",\"@id\":\"https:\\\/\\\/www.vanlooveren.be\\\/nl\\\/general-conditions\\\/#breadcrumb\",\"itemListElement\":[{\"@type\":\"ListItem\",\"position\":1,\"name\":\"Home\",\"item\":\"https:\\\/\\\/www.vanlooveren.be\\\/\"},{\"@type\":\"ListItem\",\"position\":2,\"name\":\"General Conditions\"}]},{\"@type\":\"WebSite\",\"@id\":\"https:\\\/\\\/www.vanlooveren.be\\\/en\\\/#website\",\"url\":\"https:\\\/\\\/www.vanlooveren.be\\\/en\\\/\",\"name\":\"Van Looveren NV\",\"description\":\"Van Looveren\",\"publisher\":{\"@id\":\"https:\\\/\\\/www.vanlooveren.be\\\/en\\\/#organization\"},\"potentialAction\":[{\"@type\":\"SearchAction\",\"target\":{\"@type\":\"EntryPoint\",\"urlTemplate\":\"https:\\\/\\\/www.vanlooveren.be\\\/en\\\/?s={search_term_string}\"},\"query-input\":{\"@type\":\"PropertyValueSpecification\",\"valueRequired\":true,\"valueName\":\"search_term_string\"}}],\"inLanguage\":\"nl-BE\"},{\"@type\":\"Organization\",\"@id\":\"https:\\\/\\\/www.vanlooveren.be\\\/en\\\/#organization\",\"name\":\"Van Looveren NV\",\"url\":\"https:\\\/\\\/www.vanlooveren.be\\\/en\\\/\",\"logo\":{\"@type\":\"ImageObject\",\"inLanguage\":\"nl-BE\",\"@id\":\"https:\\\/\\\/www.vanlooveren.be\\\/en\\\/#\\\/schema\\\/logo\\\/image\\\/\",\"url\":\"https:\\\/\\\/www.vanlooveren.be\\\/wp-content\\\/uploads\\\/2024\\\/05\\\/Vanlo25_logo_CMYK_3.png\",\"contentUrl\":\"https:\\\/\\\/www.vanlooveren.be\\\/wp-content\\\/uploads\\\/2024\\\/05\\\/Vanlo25_logo_CMYK_3.png\",\"width\":602,\"height\":268,\"caption\":\"Van Looveren NV\"},\"image\":{\"@id\":\"https:\\\/\\\/www.vanlooveren.be\\\/en\\\/#\\\/schema\\\/logo\\\/image\\\/\"},\"sameAs\":[\"https:\\\/\\\/www.facebook.com\\\/vlooveren\",\"https:\\\/\\\/www.linkedin.com\\\/company\\\/vanlooverennv\"]}]}<\/script>\n<!-- \/ Yoast SEO plugin. -->","yoast_head_json":{"title":"General Conditions - Van Looveren NV","robots":{"index":"index","follow":"follow","max-snippet":"max-snippet:-1","max-image-preview":"max-image-preview:large","max-video-preview":"max-video-preview:-1"},"canonical":"https:\/\/www.vanlooveren.be\/nl\/general-conditions\/","og_locale":"nl_BE","og_type":"article","og_title":"General Conditions - Van Looveren NV","og_description":"General conditions Van Looveren NV &#8211; General Sales Conditions &#8211; 31 August 2023Van Looveren NV &#8211; Algemene Verkoopvoorwaarden &#8211; 31 augustus 2023Van Looveren NV &#8211; Conditions G\u00e9n\u00e9rales de Vente &#8211; 31 ao\u00fbt 2023 Van Looveren NV &#8211; General Purchasing Conditions &#8211; 16-January-2014Van Looveren NV &#8211; Algemene Inkoopvoorwaarden &#8211; 16 januari 2014Van Looveren NV &#8211; Conditions [&hellip;]","og_url":"https:\/\/www.vanlooveren.be\/nl\/general-conditions\/","og_site_name":"Van Looveren NV","article_publisher":"https:\/\/www.facebook.com\/vlooveren","article_modified_time":"2024-10-04T09:07:25+00:00","twitter_card":"summary_large_image","twitter_misc":{"Geschatte leestijd":"1 minuut"},"schema":{"@context":"https:\/\/schema.org","@graph":[{"@type":"WebPage","@id":"https:\/\/www.vanlooveren.be\/nl\/general-conditions\/","url":"https:\/\/www.vanlooveren.be\/nl\/general-conditions\/","name":"General Conditions - Van Looveren NV","isPartOf":{"@id":"https:\/\/www.vanlooveren.be\/en\/#website"},"datePublished":"2024-08-29T09:07:54+00:00","dateModified":"2024-10-04T09:07:25+00:00","breadcrumb":{"@id":"https:\/\/www.vanlooveren.be\/nl\/general-conditions\/#breadcrumb"},"inLanguage":"nl-BE","potentialAction":[{"@type":"ReadAction","target":["https:\/\/www.vanlooveren.be\/nl\/general-conditions\/"]}]},{"@type":"BreadcrumbList","@id":"https:\/\/www.vanlooveren.be\/nl\/general-conditions\/#breadcrumb","itemListElement":[{"@type":"ListItem","position":1,"name":"Home","item":"https:\/\/www.vanlooveren.be\/"},{"@type":"ListItem","position":2,"name":"General Conditions"}]},{"@type":"WebSite","@id":"https:\/\/www.vanlooveren.be\/en\/#website","url":"https:\/\/www.vanlooveren.be\/en\/","name":"Van Looveren NV","description":"Van Looveren","publisher":{"@id":"https:\/\/www.vanlooveren.be\/en\/#organization"},"potentialAction":[{"@type":"SearchAction","target":{"@type":"EntryPoint","urlTemplate":"https:\/\/www.vanlooveren.be\/en\/?s={search_term_string}"},"query-input":{"@type":"PropertyValueSpecification","valueRequired":true,"valueName":"search_term_string"}}],"inLanguage":"nl-BE"},{"@type":"Organization","@id":"https:\/\/www.vanlooveren.be\/en\/#organization","name":"Van Looveren NV","url":"https:\/\/www.vanlooveren.be\/en\/","logo":{"@type":"ImageObject","inLanguage":"nl-BE","@id":"https:\/\/www.vanlooveren.be\/en\/#\/schema\/logo\/image\/","url":"https:\/\/www.vanlooveren.be\/wp-content\/uploads\/2024\/05\/Vanlo25_logo_CMYK_3.png","contentUrl":"https:\/\/www.vanlooveren.be\/wp-content\/uploads\/2024\/05\/Vanlo25_logo_CMYK_3.png","width":602,"height":268,"caption":"Van Looveren NV"},"image":{"@id":"https:\/\/www.vanlooveren.be\/en\/#\/schema\/logo\/image\/"},"sameAs":["https:\/\/www.facebook.com\/vlooveren","https:\/\/www.linkedin.com\/company\/vanlooverennv"]}]}},"_links":{"self":[{"href":"https:\/\/www.vanlooveren.be\/nl\/wp-json\/wp\/v2\/pages\/1228","targetHints":{"allow":["GET"]}}],"collection":[{"href":"https:\/\/www.vanlooveren.be\/nl\/wp-json\/wp\/v2\/pages"}],"about":[{"href":"https:\/\/www.vanlooveren.be\/nl\/wp-json\/wp\/v2\/types\/page"}],"author":[{"embeddable":true,"href":"https:\/\/www.vanlooveren.be\/nl\/wp-json\/wp\/v2\/users\/1"}],"replies":[{"embeddable":true,"href":"https:\/\/www.vanlooveren.be\/nl\/wp-json\/wp\/v2\/comments?post=1228"}],"version-history":[{"count":74,"href":"https:\/\/www.vanlooveren.be\/nl\/wp-json\/wp\/v2\/pages\/1228\/revisions"}],"predecessor-version":[{"id":1701,"href":"https:\/\/www.vanlooveren.be\/nl\/wp-json\/wp\/v2\/pages\/1228\/revisions\/1701"}],"wp:attachment":[{"href":"https:\/\/www.vanlooveren.be\/nl\/wp-json\/wp\/v2\/media?parent=1228"}],"curies":[{"name":"wp","href":"https:\/\/api.w.org\/{rel}","templated":true}]}}