{"id":400,"date":"2024-05-12T12:51:54","date_gmt":"2024-05-12T12:51:54","guid":{"rendered":"http:\/\/10.35.12.44\/?page_id=400"},"modified":"2024-10-02T14:12:16","modified_gmt":"2024-10-02T12:12:16","slug":"polycarbonate","status":"publish","type":"page","link":"https:\/\/www.vanlooveren.be\/fr\/polycarbonate\/","title":{"rendered":"Polycarbonate"},"content":{"rendered":"<div data-elementor-type=\"wp-page\" data-elementor-id=\"400\" class=\"elementor elementor-400\" data-elementor-post-type=\"page\">\n\t\t\t\t<div class=\"elementor-element elementor-element-42c752ef e-con-full e-flex e-con e-parent\" data-id=\"42c752ef\" data-element_type=\"container\" data-e-type=\"container\">\n\t\t<div class=\"elementor-element elementor-element-4c55f15f e-con-full e-flex e-con e-child\" data-id=\"4c55f15f\" data-element_type=\"container\" data-e-type=\"container\" data-settings=\"{&quot;background_background&quot;:&quot;classic&quot;}\">\n\t\t\t\t<\/div>\n\t\t<div class=\"elementor-element elementor-element-505b5346 e-con-full e-flex e-con e-child\" data-id=\"505b5346\" data-element_type=\"container\" data-e-type=\"container\">\n\t\t\t\t<div class=\"elementor-element elementor-element-97b8f60 elementor-widget elementor-widget-heading\" data-id=\"97b8f60\" data-element_type=\"widget\" data-e-type=\"widget\" data-widget_type=\"heading.default\">\n\t\t\t\t<div class=\"elementor-widget-container\">\n\t\t\t\t\t<h1 class=\"elementor-heading-title elementor-size-default\">Polycarbonate<\/h1>\t\t\t\t<\/div>\n\t\t\t\t<\/div>\n\t\t\t\t<\/div>\n\t\t\t\t<\/div>\n\t\t<div class=\"elementor-element elementor-element-56f73bce e-flex e-con-boxed e-con e-parent\" data-id=\"56f73bce\" data-element_type=\"container\" data-e-type=\"container\">\n\t\t\t\t\t<div class=\"e-con-inner\">\n\t\t\t\t<div class=\"elementor-element elementor-element-77d29ec0 elementor-cta--layout-image-right elementor-cta--valign-middle elementor-cta--mobile-layout-image-above elementor-widget__width-auto elementor-cta--skin-classic elementor-animated-content elementor-bg-transform elementor-bg-transform-zoom-in elementor-widget elementor-widget-call-to-action\" data-id=\"77d29ec0\" data-element_type=\"widget\" data-e-type=\"widget\" id=\"service_1\" data-widget_type=\"call-to-action.default\">\n\t\t\t\t<div class=\"elementor-widget-container\">\n\t\t\t\t\t\t\t<div class=\"elementor-cta\">\n\t\t\t\t\t<div class=\"elementor-cta__bg-wrapper\">\n\t\t\t\t<div class=\"elementor-cta__bg elementor-bg\" style=\"background-image: url(https:\/\/www.vanlooveren.be\/wp-content\/uploads\/2024\/07\/lexan-corrugated-plastic-sheets-15942128-64_600.avif);\" role=\"img\" aria-label=\"lexan-corrugated-plastic-sheets-15942128-64_600\"><\/div>\n\t\t\t\t<div class=\"elementor-cta__bg-overlay\"><\/div>\n\t\t\t<\/div>\n\t\t\t\t\t\t\t<div class=\"elementor-cta__content\">\n\t\t\t\t\n\t\t\t\t\t\t\t\t\t<h4 class=\"elementor-cta__title elementor-cta__content-item elementor-content-item\">\n\t\t\t\t\t\tPolycarbonate \u00e0 parois multiples\t\t\t\t\t<\/h4>\n\t\t\t\t\n\t\t\t\t\t\t\t\t\t<div class=\"elementor-cta__description elementor-cta__content-item elementor-content-item\">\n\t\t\t\t\t\tDisponible en diff\u00e9rentes \u00e9paisseurs, couleurs (transparent, opale, ...), formes (ex. \u00e9videment de goutti\u00e8re), ...\t\t\t\t\t<\/div>\n\t\t\t\t\n\t\t\t\t\t\t\t<\/div>\n\t\t\t\t\t\t<\/div>\n\t\t\t\t\t\t<\/div>\n\t\t\t\t<\/div>\n\t\t\t\t<div class=\"elementor-element elementor-element-66f0ad3f elementor-cta--layout-image-left elementor-cta--valign-middle elementor-cta--mobile-layout-image-above elementor-cta--skin-classic elementor-animated-content elementor-bg-transform elementor-bg-transform-zoom-in elementor-widget elementor-widget-call-to-action\" data-id=\"66f0ad3f\" data-element_type=\"widget\" data-e-type=\"widget\" data-widget_type=\"call-to-action.default\">\n\t\t\t\t<div class=\"elementor-widget-container\">\n\t\t\t\t\t\t\t<div class=\"elementor-cta\">\n\t\t\t\t\t<div class=\"elementor-cta__bg-wrapper\">\n\t\t\t\t<div class=\"elementor-cta__bg elementor-bg\" style=\"background-image: url(https:\/\/www.vanlooveren.be\/wp-content\/uploads\/2024\/07\/AdobeStock_369793138-1-scaled.jpeg);\" role=\"img\" aria-label=\"Solid Polycarbonate Sheet. Brown, white, transparent. Acrylic Plastic glass\"><\/div>\n\t\t\t\t<div class=\"elementor-cta__bg-overlay\"><\/div>\n\t\t\t<\/div>\n\t\t\t\t\t\t\t<div class=\"elementor-cta__content\">\n\t\t\t\t\n\t\t\t\t\t\t\t\t\t<h4 class=\"elementor-cta__title elementor-cta__content-item elementor-content-item\">\n\t\t\t\t\t\tPolycarbonate solide\t\t\t\t\t<\/h4>\n\t\t\t\t\n\t\t\t\t\t\t\t\t\t<div class=\"elementor-cta__description elementor-cta__content-item elementor-content-item\">\n\t\t\t\t\t\tDisponible en diff\u00e9rentes \u00e9paisseurs, couleurs (transparent, opale, ...), formes (ex. \u00e9videment de goutti\u00e8re), ...\t\t\t\t\t<\/div>\n\t\t\t\t\n\t\t\t\t\t\t\t<\/div>\n\t\t\t\t\t\t<\/div>\n\t\t\t\t\t\t<\/div>\n\t\t\t\t<\/div>\n\t\t\t\t\t<\/div>\n\t\t\t\t<\/div>\n\t\t\t\t<\/div>","protected":false},"excerpt":{"rendered":"<p>Polycarbonate Multi-wall polycarbonate Available in different thicknesses, colors (clear, opal, &#8230;), shapes (ex. gutter recess), &#8230; Solid polycarbonate Available in different thicknesses, colors (clear, opal, &#8230;), shapes (ex. gutter recess), &#8230;<\/p>","protected":false},"author":1,"featured_media":0,"parent":0,"menu_order":0,"comment_status":"closed","ping_status":"closed","template":"elementor_header_footer","meta":{"footnotes":""},"class_list":["post-400","page","type-page","status-publish","hentry"],"yoast_head":"<!-- This site is optimized with the Yoast SEO plugin v27.6 - https:\/\/yoast.com\/product\/yoast-seo-wordpress\/ -->\n<title>Polycarbonate - Van Looveren NV<\/title>\n<meta name=\"robots\" content=\"index, follow, max-snippet:-1, max-image-preview:large, max-video-preview:-1\" \/>\n<link rel=\"canonical\" href=\"https:\/\/www.vanlooveren.be\/fr\/polycarbonate\/\" \/>\n<meta property=\"og:locale\" content=\"fr_FR\" \/>\n<meta property=\"og:type\" content=\"article\" \/>\n<meta property=\"og:title\" content=\"Polycarbonate - Van Looveren NV\" \/>\n<meta property=\"og:description\" content=\"Polycarbonate Multi-wall polycarbonate Available in different thicknesses, colors (clear, opal, &#8230;), shapes (ex. gutter recess), &#8230; Solid polycarbonate Available in different thicknesses, colors (clear, opal, &#8230;), shapes (ex. gutter recess), &#8230;\" \/>\n<meta property=\"og:url\" content=\"https:\/\/www.vanlooveren.be\/fr\/polycarbonate\/\" \/>\n<meta property=\"og:site_name\" content=\"Van Looveren NV\" \/>\n<meta property=\"article:publisher\" content=\"https:\/\/www.facebook.com\/vlooveren\" \/>\n<meta property=\"article:modified_time\" content=\"2024-10-02T12:12:16+00:00\" \/>\n<meta name=\"twitter:card\" content=\"summary_large_image\" \/>\n<script type=\"application\/ld+json\" class=\"yoast-schema-graph\">{\"@context\":\"https:\\\/\\\/schema.org\",\"@graph\":[{\"@type\":\"WebPage\",\"@id\":\"https:\\\/\\\/www.vanlooveren.be\\\/en\\\/polycarbonate\\\/\",\"url\":\"https:\\\/\\\/www.vanlooveren.be\\\/en\\\/polycarbonate\\\/\",\"name\":\"Polycarbonate - Van Looveren NV\",\"isPartOf\":{\"@id\":\"https:\\\/\\\/www.vanlooveren.be\\\/en\\\/#website\"},\"datePublished\":\"2024-05-12T12:51:54+00:00\",\"dateModified\":\"2024-10-02T12:12:16+00:00\",\"breadcrumb\":{\"@id\":\"https:\\\/\\\/www.vanlooveren.be\\\/en\\\/polycarbonate\\\/#breadcrumb\"},\"inLanguage\":\"fr-FR\",\"potentialAction\":[{\"@type\":\"ReadAction\",\"target\":[\"https:\\\/\\\/www.vanlooveren.be\\\/en\\\/polycarbonate\\\/\"]}]},{\"@type\":\"BreadcrumbList\",\"@id\":\"https:\\\/\\\/www.vanlooveren.be\\\/en\\\/polycarbonate\\\/#breadcrumb\",\"itemListElement\":[{\"@type\":\"ListItem\",\"position\":1,\"name\":\"Home\",\"item\":\"https:\\\/\\\/www.vanlooveren.be\\\/\"},{\"@type\":\"ListItem\",\"position\":2,\"name\":\"Polycarbonate\"}]},{\"@type\":\"WebSite\",\"@id\":\"https:\\\/\\\/www.vanlooveren.be\\\/en\\\/#website\",\"url\":\"https:\\\/\\\/www.vanlooveren.be\\\/en\\\/\",\"name\":\"Van Looveren NV\",\"description\":\"Van Looveren\",\"publisher\":{\"@id\":\"https:\\\/\\\/www.vanlooveren.be\\\/en\\\/#organization\"},\"potentialAction\":[{\"@type\":\"SearchAction\",\"target\":{\"@type\":\"EntryPoint\",\"urlTemplate\":\"https:\\\/\\\/www.vanlooveren.be\\\/en\\\/?s={search_term_string}\"},\"query-input\":{\"@type\":\"PropertyValueSpecification\",\"valueRequired\":true,\"valueName\":\"search_term_string\"}}],\"inLanguage\":\"fr-FR\"},{\"@type\":\"Organization\",\"@id\":\"https:\\\/\\\/www.vanlooveren.be\\\/en\\\/#organization\",\"name\":\"Van Looveren NV\",\"url\":\"https:\\\/\\\/www.vanlooveren.be\\\/en\\\/\",\"logo\":{\"@type\":\"ImageObject\",\"inLanguage\":\"fr-FR\",\"@id\":\"https:\\\/\\\/www.vanlooveren.be\\\/en\\\/#\\\/schema\\\/logo\\\/image\\\/\",\"url\":\"https:\\\/\\\/www.vanlooveren.be\\\/wp-content\\\/uploads\\\/2024\\\/05\\\/Vanlo25_logo_CMYK_3.png\",\"contentUrl\":\"https:\\\/\\\/www.vanlooveren.be\\\/wp-content\\\/uploads\\\/2024\\\/05\\\/Vanlo25_logo_CMYK_3.png\",\"width\":602,\"height\":268,\"caption\":\"Van Looveren NV\"},\"image\":{\"@id\":\"https:\\\/\\\/www.vanlooveren.be\\\/en\\\/#\\\/schema\\\/logo\\\/image\\\/\"},\"sameAs\":[\"https:\\\/\\\/www.facebook.com\\\/vlooveren\",\"https:\\\/\\\/www.linkedin.com\\\/company\\\/vanlooverennv\"]}]}<\/script>\n<!-- \/ Yoast SEO plugin. -->","yoast_head_json":{"title":"Polycarbonate - Van Looveren NV","robots":{"index":"index","follow":"follow","max-snippet":"max-snippet:-1","max-image-preview":"max-image-preview:large","max-video-preview":"max-video-preview:-1"},"canonical":"https:\/\/www.vanlooveren.be\/fr\/polycarbonate\/","og_locale":"fr_FR","og_type":"article","og_title":"Polycarbonate - Van Looveren NV","og_description":"Polycarbonate Multi-wall polycarbonate Available in different thicknesses, colors (clear, opal, &#8230;), shapes (ex. gutter recess), &#8230; Solid polycarbonate Available in different thicknesses, colors (clear, opal, &#8230;), shapes (ex. gutter recess), &#8230;","og_url":"https:\/\/www.vanlooveren.be\/fr\/polycarbonate\/","og_site_name":"Van Looveren NV","article_publisher":"https:\/\/www.facebook.com\/vlooveren","article_modified_time":"2024-10-02T12:12:16+00:00","twitter_card":"summary_large_image","schema":{"@context":"https:\/\/schema.org","@graph":[{"@type":"WebPage","@id":"https:\/\/www.vanlooveren.be\/en\/polycarbonate\/","url":"https:\/\/www.vanlooveren.be\/en\/polycarbonate\/","name":"Polycarbonate - Van Looveren NV","isPartOf":{"@id":"https:\/\/www.vanlooveren.be\/en\/#website"},"datePublished":"2024-05-12T12:51:54+00:00","dateModified":"2024-10-02T12:12:16+00:00","breadcrumb":{"@id":"https:\/\/www.vanlooveren.be\/en\/polycarbonate\/#breadcrumb"},"inLanguage":"fr-FR","potentialAction":[{"@type":"ReadAction","target":["https:\/\/www.vanlooveren.be\/en\/polycarbonate\/"]}]},{"@type":"BreadcrumbList","@id":"https:\/\/www.vanlooveren.be\/en\/polycarbonate\/#breadcrumb","itemListElement":[{"@type":"ListItem","position":1,"name":"Home","item":"https:\/\/www.vanlooveren.be\/"},{"@type":"ListItem","position":2,"name":"Polycarbonate"}]},{"@type":"WebSite","@id":"https:\/\/www.vanlooveren.be\/en\/#website","url":"https:\/\/www.vanlooveren.be\/en\/","name":"Van Looveren NV","description":"Van Looveren","publisher":{"@id":"https:\/\/www.vanlooveren.be\/en\/#organization"},"potentialAction":[{"@type":"SearchAction","target":{"@type":"EntryPoint","urlTemplate":"https:\/\/www.vanlooveren.be\/en\/?s={search_term_string}"},"query-input":{"@type":"PropertyValueSpecification","valueRequired":true,"valueName":"search_term_string"}}],"inLanguage":"fr-FR"},{"@type":"Organization","@id":"https:\/\/www.vanlooveren.be\/en\/#organization","name":"Van Looveren NV","url":"https:\/\/www.vanlooveren.be\/en\/","logo":{"@type":"ImageObject","inLanguage":"fr-FR","@id":"https:\/\/www.vanlooveren.be\/en\/#\/schema\/logo\/image\/","url":"https:\/\/www.vanlooveren.be\/wp-content\/uploads\/2024\/05\/Vanlo25_logo_CMYK_3.png","contentUrl":"https:\/\/www.vanlooveren.be\/wp-content\/uploads\/2024\/05\/Vanlo25_logo_CMYK_3.png","width":602,"height":268,"caption":"Van Looveren NV"},"image":{"@id":"https:\/\/www.vanlooveren.be\/en\/#\/schema\/logo\/image\/"},"sameAs":["https:\/\/www.facebook.com\/vlooveren","https:\/\/www.linkedin.com\/company\/vanlooverennv"]}]}},"_links":{"self":[{"href":"https:\/\/www.vanlooveren.be\/fr\/wp-json\/wp\/v2\/pages\/400","targetHints":{"allow":["GET"]}}],"collection":[{"href":"https:\/\/www.vanlooveren.be\/fr\/wp-json\/wp\/v2\/pages"}],"about":[{"href":"https:\/\/www.vanlooveren.be\/fr\/wp-json\/wp\/v2\/types\/page"}],"author":[{"embeddable":true,"href":"https:\/\/www.vanlooveren.be\/fr\/wp-json\/wp\/v2\/users\/1"}],"replies":[{"embeddable":true,"href":"https:\/\/www.vanlooveren.be\/fr\/wp-json\/wp\/v2\/comments?post=400"}],"version-history":[{"count":50,"href":"https:\/\/www.vanlooveren.be\/fr\/wp-json\/wp\/v2\/pages\/400\/revisions"}],"predecessor-version":[{"id":1524,"href":"https:\/\/www.vanlooveren.be\/fr\/wp-json\/wp\/v2\/pages\/400\/revisions\/1524"}],"wp:attachment":[{"href":"https:\/\/www.vanlooveren.be\/fr\/wp-json\/wp\/v2\/media?parent=400"}],"curies":[{"name":"wp","href":"https:\/\/api.w.org\/{rel}","templated":true}]}}